{"id":2593,"date":"2023-11-20T09:54:02","date_gmt":"2023-11-20T09:54:02","guid":{"rendered":"https:\/\/www.sieglindemetzler.eu\/?page_id=2593"},"modified":"2024-10-11T16:21:56","modified_gmt":"2024-10-11T16:21:56","slug":"webagentur-sizilien","status":"publish","type":"page","link":"https:\/\/www.sieglindemetzler.eu\/en\/webagentur-sizilien\/","title":{"rendered":"Web Agency Sicily \u2013 Websites Realization \u2013 Credits"},"content":{"rendered":"<p class=\" translation-block\">The<strong> artist\u2019s website <\/strong> <strong>Sieglinde Metzler<\/strong>\u00a0was created by <strong>CLIC \u2013 <a title=\"Creation of artist websites and search engine optimization \/\/ Online art promotion\" href=\"https:\/\/www.clicsnc.it\/siti-web-artisti\/\" target=\"_self\">Sicily\u2019s Web Agency<\/a><\/strong> (<strong>PitturiAmo\u2019s Marketing Area<\/strong>).<\/p>\n<div id=\"responsive-crediti\" class=\"clearfix\">\n<div class=\"logo-credits-container\">\n<div class=\"column-3\">\n<p><img decoding=\"async\" class=\"LogoImg\" style=\"height: 86px; margin-bottom: 10px; padding: 0px !important; border: none !important;\" src=\"\/wp-content\/uploads\/Logo-PitturiAmo-Network-con-tagline-LR.jpg\" alt=\"Logo PitturiAmo\" \/><br \/>\n<a title=\"The website for contemporary art and the promotion of artists\" href=\"https:\/\/www.pitturiamo.com\/\" target=\"_blank\" rel=\"noopener noreferrer\"><strong>PitturiAmo\u00ae<\/strong><\/a><\/p>\n<p>The first portal for contemporary painters<\/p>\n<\/div>\n<div class=\"column-3\">\n<p><a href=\"https:\/\/www.clicsnc.it\/\" target=\"_blank\" rel=\"noopener noreferrer\"><img decoding=\"async\" class=\"LogoImg\" style=\"height: 86px; margin-bottom: 10px; padding: 0px !important; border: none !important;\" title=\"Website created by CLIC, web agency from Sicily.\" src=\"\/wp-content\/uploads\/realizzazione-sito-web-sicilia.png\" alt=\"&quot;Webseite\" \/><\/a><br \/>\n<a title=\"Creation of artist websites and search engine optimization.\" href=\"https:\/\/www.clicsnc.it\/\" target=\"_blank\" rel=\"noopener noreferrer\"><strong>Website creation<\/strong><\/a><\/p>\n<p>CLIC \u2013 Web Marketing Consultancy<\/p>\n<\/div>\n<div class=\"column-3\">\n<p><a href=\"https:\/\/www.argentati.eu\/\" target=\"_blank\" rel=\"noopener noreferrer\"><img decoding=\"async\" class=\"LogoImg\" style=\"margin: 12px auto 20px auto; padding: 0px !important; border: none !important;\" title=\"Business consulting for the internet and creation of websites optimized for top rankings in search engines.\" src=\"\/wp-content\/uploads\/consulenza-web-sicilia.png\" alt=\"Unternehmensberatung f\u00fcr das Internet und Erstellung von Websites, die f\u00fcr eine Spitzenplatzierung in den Suchmaschinen optimiert sind\" \/><\/a><br \/>\n<a title=\"Website optimization \/\/ Top ranking in search engines\" href=\"https:\/\/www.argentati.eu\" target=\"_blank\" rel=\"noopener noreferrer\"><strong>Positioning on search engines<\/strong><\/a><\/p>\n<p>SEO\/SEM consulting for businesses<\/p>\n<\/div>\n<\/div>\n<\/div>","protected":false},"excerpt":{"rendered":"<p>Die K\u00fcnstler-Website der zeitgen\u00f6ssischen Malerin Sieglinde Metzler\u00a0wurde von CLIC &#8211; Webagentur aus Sizilien (Marketingbereich von PitturiAmo) erstellt. PitturiAmo\u00ae Das erste Portal f\u00fcr zeitgen\u00f6ssische Maler Webseitenerstellung Beratung im Webmarketing Suchmaschinenplatzierung SEO\/SEM-Beratung f\u00fcr Unternehmen<\/p>","protected":false},"author":1,"featured_media":5293,"parent":0,"menu_order":0,"comment_status":"closed","ping_status":"closed","template":"","meta":{"pgc_meta":"","_et_pb_use_builder":"","_et_pb_old_content":"","_et_gb_content_width":"","footnotes":""},"pgc_meta":"","yoast_head":"<!-- This site is optimized with the Yoast SEO plugin v21.4 - https:\/\/yoast.com\/wordpress\/plugins\/seo\/ -->\n<title>Webagentur Sizilien - Erstellung der Website - Credits - Sieglinde Metzler<\/title>\n<meta name=\"robots\" content=\"index, follow, max-snippet:-1, max-image-preview:large, max-video-preview:-1\" \/>\n<link rel=\"canonical\" href=\"https:\/\/www.sieglindemetzler.eu\/en\/webagentur-sizilien\/\" \/>\n<meta property=\"og:locale\" content=\"en_GB\" \/>\n<meta property=\"og:type\" content=\"article\" \/>\n<meta property=\"og:title\" content=\"Webagentur Sizilien - Erstellung der Website - Credits - Sieglinde Metzler\" \/>\n<meta property=\"og:description\" content=\"Die K\u00fcnstler-Website der zeitgen\u00f6ssischen Malerin Sieglinde Metzler\u00a0wurde von CLIC &#8211; Webagentur aus Sizilien (Marketingbereich von PitturiAmo) erstellt. PitturiAmo\u00ae Das erste Portal f\u00fcr zeitgen\u00f6ssische Maler Webseitenerstellung Beratung im Webmarketing Suchmaschinenplatzierung SEO\/SEM-Beratung f\u00fcr Unternehmen\" \/>\n<meta property=\"og:url\" content=\"https:\/\/www.sieglindemetzler.eu\/en\/webagentur-sizilien\/\" \/>\n<meta property=\"og:site_name\" content=\"Sieglinde Metzler\" \/>\n<meta property=\"article:publisher\" content=\"https:\/\/www.facebook.com\/sieglinde.metzler\" \/>\n<meta property=\"article:modified_time\" content=\"2024-10-11T16:21:56+00:00\" \/>\n<meta name=\"twitter:card\" content=\"summary_large_image\" \/>\n<meta name=\"twitter:label1\" content=\"Estimated reading time\" \/>\n\t<meta name=\"twitter:data1\" content=\"1 minute\" \/>\n<script type=\"application\/ld+json\" class=\"yoast-schema-graph\">{\"@context\":\"https:\/\/schema.org\",\"@graph\":[{\"@type\":\"WebPage\",\"@id\":\"https:\/\/www.sieglindemetzler.eu\/webagentur-sizilien\/\",\"url\":\"https:\/\/www.sieglindemetzler.eu\/webagentur-sizilien\/\",\"name\":\"Webagentur Sizilien - Erstellung der Website - Credits - Sieglinde Metzler\",\"isPartOf\":{\"@id\":\"https:\/\/www.sieglindemetzler.eu\/#website\"},\"datePublished\":\"2023-11-20T09:54:02+00:00\",\"dateModified\":\"2024-10-11T16:21:56+00:00\",\"breadcrumb\":{\"@id\":\"https:\/\/www.sieglindemetzler.eu\/webagentur-sizilien\/#breadcrumb\"},\"inLanguage\":\"en-GB\",\"potentialAction\":[{\"@type\":\"ReadAction\",\"target\":[\"https:\/\/www.sieglindemetzler.eu\/webagentur-sizilien\/\"]}]},{\"@type\":\"BreadcrumbList\",\"@id\":\"https:\/\/www.sieglindemetzler.eu\/webagentur-sizilien\/#breadcrumb\",\"itemListElement\":[{\"@type\":\"ListItem\",\"position\":1,\"name\":\"Home\",\"item\":\"https:\/\/www.sieglindemetzler.eu\/\"},{\"@type\":\"ListItem\",\"position\":2,\"name\":\"Webagentur Sizilien &#8211; Erstellung der Website &#8211; Credits\"}]},{\"@type\":\"WebSite\",\"@id\":\"https:\/\/www.sieglindemetzler.eu\/#website\",\"url\":\"https:\/\/www.sieglindemetzler.eu\/\",\"name\":\"Sieglinde Metzler - zeitgen\u00f6ssische K\u00fcnstlerin\",\"description\":\"zeitgen\u00f6ssische K\u00fcnstlerin\",\"publisher\":{\"@id\":\"https:\/\/www.sieglindemetzler.eu\/#\/schema\/person\/25d93e22d3b49f2f9d118f6341201a65\"},\"alternateName\":\"K\u00fcnstler-Website der Sieglinde Metzler\",\"potentialAction\":[{\"@type\":\"SearchAction\",\"target\":{\"@type\":\"EntryPoint\",\"urlTemplate\":\"https:\/\/www.sieglindemetzler.eu\/?s={search_term_string}\"},\"query-input\":\"required name=search_term_string\"}],\"inLanguage\":\"en-GB\"},{\"@type\":[\"Person\",\"Organization\"],\"@id\":\"https:\/\/www.sieglindemetzler.eu\/#\/schema\/person\/25d93e22d3b49f2f9d118f6341201a65\",\"name\":\"Sieglinde Metzler\",\"image\":{\"@type\":\"ImageObject\",\"inLanguage\":\"en-GB\",\"@id\":\"https:\/\/www.sieglindemetzler.eu\/#\/schema\/person\/image\/\",\"url\":\"https:\/\/www.sieglindemetzler.eu\/wp-content\/uploads\/Sieglinde-Metzler-logo.png\",\"contentUrl\":\"https:\/\/www.sieglindemetzler.eu\/wp-content\/uploads\/Sieglinde-Metzler-logo.png\",\"width\":1438,\"height\":254,\"caption\":\"Sieglinde Metzler\"},\"logo\":{\"@id\":\"https:\/\/www.sieglindemetzler.eu\/#\/schema\/person\/image\/\"},\"sameAs\":[\"https:\/\/www.sieglindemetzler.eu\",\"https:\/\/www.facebook.com\/sieglinde.metzler\",\"https:\/\/www.instagram.com\/sieglinde1958\/\"]}]}<\/script>\n<!-- \/ Yoast SEO plugin. -->","yoast_head_json":{"title":"Webagentur Sizilien - Erstellung der Website - Credits - Sieglinde Metzler","robots":{"index":"index","follow":"follow","max-snippet":"max-snippet:-1","max-image-preview":"max-image-preview:large","max-video-preview":"max-video-preview:-1"},"canonical":"https:\/\/www.sieglindemetzler.eu\/en\/webagentur-sizilien\/","og_locale":"en_GB","og_type":"article","og_title":"Webagentur Sizilien - Erstellung der Website - Credits - Sieglinde Metzler","og_description":"Die K\u00fcnstler-Website der zeitgen\u00f6ssischen Malerin Sieglinde Metzler\u00a0wurde von CLIC &#8211; Webagentur aus Sizilien (Marketingbereich von PitturiAmo) erstellt. PitturiAmo\u00ae Das erste Portal f\u00fcr zeitgen\u00f6ssische Maler Webseitenerstellung Beratung im Webmarketing Suchmaschinenplatzierung SEO\/SEM-Beratung f\u00fcr Unternehmen","og_url":"https:\/\/www.sieglindemetzler.eu\/en\/webagentur-sizilien\/","og_site_name":"Sieglinde Metzler","article_publisher":"https:\/\/www.facebook.com\/sieglinde.metzler","article_modified_time":"2024-10-11T16:21:56+00:00","twitter_card":"summary_large_image","twitter_misc":{"Estimated reading time":"1 minute"},"schema":{"@context":"https:\/\/schema.org","@graph":[{"@type":"WebPage","@id":"https:\/\/www.sieglindemetzler.eu\/webagentur-sizilien\/","url":"https:\/\/www.sieglindemetzler.eu\/webagentur-sizilien\/","name":"Webagentur Sizilien - Erstellung der Website - Credits - Sieglinde Metzler","isPartOf":{"@id":"https:\/\/www.sieglindemetzler.eu\/#website"},"datePublished":"2023-11-20T09:54:02+00:00","dateModified":"2024-10-11T16:21:56+00:00","breadcrumb":{"@id":"https:\/\/www.sieglindemetzler.eu\/webagentur-sizilien\/#breadcrumb"},"inLanguage":"en-GB","potentialAction":[{"@type":"ReadAction","target":["https:\/\/www.sieglindemetzler.eu\/webagentur-sizilien\/"]}]},{"@type":"BreadcrumbList","@id":"https:\/\/www.sieglindemetzler.eu\/webagentur-sizilien\/#breadcrumb","itemListElement":[{"@type":"ListItem","position":1,"name":"Home","item":"https:\/\/www.sieglindemetzler.eu\/"},{"@type":"ListItem","position":2,"name":"Webagentur Sizilien &#8211; Erstellung der Website &#8211; Credits"}]},{"@type":"WebSite","@id":"https:\/\/www.sieglindemetzler.eu\/#website","url":"https:\/\/www.sieglindemetzler.eu\/","name":"Sieglinde Metzler - zeitgen\u00f6ssische K\u00fcnstlerin","description":"zeitgen\u00f6ssische K\u00fcnstlerin","publisher":{"@id":"https:\/\/www.sieglindemetzler.eu\/#\/schema\/person\/25d93e22d3b49f2f9d118f6341201a65"},"alternateName":"K\u00fcnstler-Website der Sieglinde Metzler","potentialAction":[{"@type":"SearchAction","target":{"@type":"EntryPoint","urlTemplate":"https:\/\/www.sieglindemetzler.eu\/?s={search_term_string}"},"query-input":"required name=search_term_string"}],"inLanguage":"en-GB"},{"@type":["Person","Organization"],"@id":"https:\/\/www.sieglindemetzler.eu\/#\/schema\/person\/25d93e22d3b49f2f9d118f6341201a65","name":"Sieglinde Metzler","image":{"@type":"ImageObject","inLanguage":"en-GB","@id":"https:\/\/www.sieglindemetzler.eu\/#\/schema\/person\/image\/","url":"https:\/\/www.sieglindemetzler.eu\/wp-content\/uploads\/Sieglinde-Metzler-logo.png","contentUrl":"https:\/\/www.sieglindemetzler.eu\/wp-content\/uploads\/Sieglinde-Metzler-logo.png","width":1438,"height":254,"caption":"Sieglinde Metzler"},"logo":{"@id":"https:\/\/www.sieglindemetzler.eu\/#\/schema\/person\/image\/"},"sameAs":["https:\/\/www.sieglindemetzler.eu","https:\/\/www.facebook.com\/sieglinde.metzler","https:\/\/www.instagram.com\/sieglinde1958\/"]}]}},"_links":{"self":[{"href":"https:\/\/www.sieglindemetzler.eu\/en\/wp-json\/wp\/v2\/pages\/2593"}],"collection":[{"href":"https:\/\/www.sieglindemetzler.eu\/en\/wp-json\/wp\/v2\/pages"}],"about":[{"href":"https:\/\/www.sieglindemetzler.eu\/en\/wp-json\/wp\/v2\/types\/page"}],"author":[{"embeddable":true,"href":"https:\/\/www.sieglindemetzler.eu\/en\/wp-json\/wp\/v2\/users\/1"}],"replies":[{"embeddable":true,"href":"https:\/\/www.sieglindemetzler.eu\/en\/wp-json\/wp\/v2\/comments?post=2593"}],"version-history":[{"count":37,"href":"https:\/\/www.sieglindemetzler.eu\/en\/wp-json\/wp\/v2\/pages\/2593\/revisions"}],"predecessor-version":[{"id":5457,"href":"https:\/\/www.sieglindemetzler.eu\/en\/wp-json\/wp\/v2\/pages\/2593\/revisions\/5457"}],"wp:featuredmedia":[{"embeddable":true,"href":"https:\/\/www.sieglindemetzler.eu\/en\/wp-json\/wp\/v2\/media\/5293"}],"wp:attachment":[{"href":"https:\/\/www.sieglindemetzler.eu\/en\/wp-json\/wp\/v2\/media?parent=2593"}],"curies":[{"name":"wp","href":"https:\/\/api.w.org\/{rel}","templated":true}]}}