{"id":5121,"date":"2023-09-17T11:05:04","date_gmt":"2023-09-17T11:05:04","guid":{"rendered":"https:\/\/www.sieglindemetzler.eu\/?post_type=product&#038;p=5121"},"modified":"2024-09-23T08:01:51","modified_gmt":"2024-09-23T08:01:51","slug":"am-strand-tarifa","status":"publish","type":"product","link":"https:\/\/www.sieglindemetzler.eu\/en\/kaufe-gem\u00e4lde\/am-strand-tarifa\/","title":{"rendered":"On the beach of Tarifa"},"content":{"rendered":"<p>Canvas on wooden frame<\/p>","protected":false},"excerpt":{"rendered":"<p>Canvas on wooden frame<\/p>","protected":false},"featured_media":4964,"template":"","meta":{"pgc_meta":"","_et_pb_use_builder":"","_et_pb_old_content":"","_et_gb_content_width":""},"product_cat":[20],"product_tag":[104,105],"yoast_head":"<!-- This site is optimized with the Yoast SEO plugin v21.4 - https:\/\/yoast.com\/wordpress\/plugins\/seo\/ -->\n<title>Am Strand von Tarifa - Sieglinde Metzler<\/title>\n<meta name=\"robots\" content=\"index, follow, max-snippet:-1, max-image-preview:large, max-video-preview:-1\" \/>\n<link rel=\"canonical\" href=\"https:\/\/www.sieglindemetzler.eu\/en\/kaufe-gem\u00e4lde\/am-strand-tarifa\/\" \/>\n<meta property=\"og:locale\" content=\"en_GB\" \/>\n<meta property=\"og:type\" content=\"article\" \/>\n<meta property=\"og:title\" content=\"Am Strand von Tarifa - Sieglinde Metzler\" \/>\n<meta property=\"og:description\" content=\"Leinwand auf Keilrahmen\" \/>\n<meta property=\"og:url\" content=\"https:\/\/www.sieglindemetzler.eu\/en\/kaufe-gem\u00e4lde\/am-strand-tarifa\/\" \/>\n<meta property=\"og:site_name\" content=\"Sieglinde Metzler\" \/>\n<meta property=\"article:publisher\" content=\"https:\/\/www.facebook.com\/sieglinde.metzler\" \/>\n<meta property=\"article:modified_time\" content=\"2024-09-23T08:01:51+00:00\" \/>\n<meta property=\"og:image\" content=\"https:\/\/www.sieglindemetzler.eu\/wp-content\/uploads\/Strand-Tarifa.jpg\" \/>\n\t<meta property=\"og:image:width\" content=\"838\" \/>\n\t<meta property=\"og:image:height\" content=\"1200\" \/>\n\t<meta property=\"og:image:type\" content=\"image\/jpeg\" \/>\n<meta name=\"twitter:card\" content=\"summary_large_image\" \/>\n<meta name=\"twitter:label1\" content=\"Estimated reading time\" \/>\n\t<meta name=\"twitter:data1\" content=\"1 minute\" \/>\n<script type=\"application\/ld+json\" class=\"yoast-schema-graph\">{\"@context\":\"https:\/\/schema.org\",\"@graph\":[{\"@type\":\"WebPage\",\"@id\":\"https:\/\/www.sieglindemetzler.eu\/kaufe-gem\u00e4lde\/am-strand-tarifa\/\",\"url\":\"https:\/\/www.sieglindemetzler.eu\/kaufe-gem\u00e4lde\/am-strand-tarifa\/\",\"name\":\"Am Strand von Tarifa - Sieglinde Metzler\",\"isPartOf\":{\"@id\":\"https:\/\/www.sieglindemetzler.eu\/#website\"},\"datePublished\":\"2023-09-17T11:05:04+00:00\",\"dateModified\":\"2024-09-23T08:01:51+00:00\",\"breadcrumb\":{\"@id\":\"https:\/\/www.sieglindemetzler.eu\/kaufe-gem\u00e4lde\/am-strand-tarifa\/#breadcrumb\"},\"inLanguage\":\"en-GB\",\"potentialAction\":[{\"@type\":\"ReadAction\",\"target\":[\"https:\/\/www.sieglindemetzler.eu\/kaufe-gem\u00e4lde\/am-strand-tarifa\/\"]}]},{\"@type\":\"BreadcrumbList\",\"@id\":\"https:\/\/www.sieglindemetzler.eu\/kaufe-gem\u00e4lde\/am-strand-tarifa\/#breadcrumb\",\"itemListElement\":[{\"@type\":\"ListItem\",\"position\":1,\"name\":\"Home\",\"item\":\"https:\/\/www.sieglindemetzler.eu\/\"},{\"@type\":\"ListItem\",\"position\":2,\"name\":\"Kunstwerke\",\"item\":\"https:\/\/www.sieglindemetzler.eu\/online-gemaldeverkauf\/\"},{\"@type\":\"ListItem\",\"position\":3,\"name\":\"Leinwand auf keilrahmen\",\"item\":\"https:\/\/www.sieglindemetzler.eu\/Gem\u00e4lde-Online-Verkauf\/leinwand-keilrahmen\/\"},{\"@type\":\"ListItem\",\"position\":4,\"name\":\"Am Strand von Tarifa\"}]},{\"@type\":\"WebSite\",\"@id\":\"https:\/\/www.sieglindemetzler.eu\/#website\",\"url\":\"https:\/\/www.sieglindemetzler.eu\/\",\"name\":\"Sieglinde Metzler - zeitgen\u00f6ssische K\u00fcnstlerin\",\"description\":\"zeitgen\u00f6ssische K\u00fcnstlerin\",\"publisher\":{\"@id\":\"https:\/\/www.sieglindemetzler.eu\/#\/schema\/person\/25d93e22d3b49f2f9d118f6341201a65\"},\"alternateName\":\"K\u00fcnstler-Website der Sieglinde Metzler\",\"potentialAction\":[{\"@type\":\"SearchAction\",\"target\":{\"@type\":\"EntryPoint\",\"urlTemplate\":\"https:\/\/www.sieglindemetzler.eu\/?s={search_term_string}\"},\"query-input\":\"required name=search_term_string\"}],\"inLanguage\":\"en-GB\"},{\"@type\":[\"Person\",\"Organization\"],\"@id\":\"https:\/\/www.sieglindemetzler.eu\/#\/schema\/person\/25d93e22d3b49f2f9d118f6341201a65\",\"name\":\"Sieglinde Metzler\",\"image\":{\"@type\":\"ImageObject\",\"inLanguage\":\"en-GB\",\"@id\":\"https:\/\/www.sieglindemetzler.eu\/#\/schema\/person\/image\/\",\"url\":\"https:\/\/www.sieglindemetzler.eu\/wp-content\/uploads\/Sieglinde-Metzler-logo.png\",\"contentUrl\":\"https:\/\/www.sieglindemetzler.eu\/wp-content\/uploads\/Sieglinde-Metzler-logo.png\",\"width\":1438,\"height\":254,\"caption\":\"Sieglinde Metzler\"},\"logo\":{\"@id\":\"https:\/\/www.sieglindemetzler.eu\/#\/schema\/person\/image\/\"},\"sameAs\":[\"https:\/\/www.sieglindemetzler.eu\",\"https:\/\/www.facebook.com\/sieglinde.metzler\",\"https:\/\/www.instagram.com\/sieglinde1958\/\"]}]}<\/script>\n<!-- \/ Yoast SEO plugin. -->","yoast_head_json":{"title":"Am Strand von Tarifa - Sieglinde Metzler","robots":{"index":"index","follow":"follow","max-snippet":"max-snippet:-1","max-image-preview":"max-image-preview:large","max-video-preview":"max-video-preview:-1"},"canonical":"https:\/\/www.sieglindemetzler.eu\/en\/kaufe-gem\u00e4lde\/am-strand-tarifa\/","og_locale":"en_GB","og_type":"article","og_title":"Am Strand von Tarifa - Sieglinde Metzler","og_description":"Leinwand auf Keilrahmen","og_url":"https:\/\/www.sieglindemetzler.eu\/en\/kaufe-gem\u00e4lde\/am-strand-tarifa\/","og_site_name":"Sieglinde Metzler","article_publisher":"https:\/\/www.facebook.com\/sieglinde.metzler","article_modified_time":"2024-09-23T08:01:51+00:00","og_image":[{"width":838,"height":1200,"url":"https:\/\/www.sieglindemetzler.eu\/wp-content\/uploads\/Strand-Tarifa.jpg","type":"image\/jpeg"}],"twitter_card":"summary_large_image","twitter_misc":{"Estimated reading time":"1 minute"},"schema":{"@context":"https:\/\/schema.org","@graph":[{"@type":"WebPage","@id":"https:\/\/www.sieglindemetzler.eu\/kaufe-gem\u00e4lde\/am-strand-tarifa\/","url":"https:\/\/www.sieglindemetzler.eu\/kaufe-gem\u00e4lde\/am-strand-tarifa\/","name":"Am Strand von Tarifa - Sieglinde Metzler","isPartOf":{"@id":"https:\/\/www.sieglindemetzler.eu\/#website"},"datePublished":"2023-09-17T11:05:04+00:00","dateModified":"2024-09-23T08:01:51+00:00","breadcrumb":{"@id":"https:\/\/www.sieglindemetzler.eu\/kaufe-gem\u00e4lde\/am-strand-tarifa\/#breadcrumb"},"inLanguage":"en-GB","potentialAction":[{"@type":"ReadAction","target":["https:\/\/www.sieglindemetzler.eu\/kaufe-gem\u00e4lde\/am-strand-tarifa\/"]}]},{"@type":"BreadcrumbList","@id":"https:\/\/www.sieglindemetzler.eu\/kaufe-gem\u00e4lde\/am-strand-tarifa\/#breadcrumb","itemListElement":[{"@type":"ListItem","position":1,"name":"Home","item":"https:\/\/www.sieglindemetzler.eu\/"},{"@type":"ListItem","position":2,"name":"Kunstwerke","item":"https:\/\/www.sieglindemetzler.eu\/online-gemaldeverkauf\/"},{"@type":"ListItem","position":3,"name":"Leinwand auf keilrahmen","item":"https:\/\/www.sieglindemetzler.eu\/Gem\u00e4lde-Online-Verkauf\/leinwand-keilrahmen\/"},{"@type":"ListItem","position":4,"name":"Am Strand von Tarifa"}]},{"@type":"WebSite","@id":"https:\/\/www.sieglindemetzler.eu\/#website","url":"https:\/\/www.sieglindemetzler.eu\/","name":"Sieglinde Metzler - zeitgen\u00f6ssische K\u00fcnstlerin","description":"zeitgen\u00f6ssische K\u00fcnstlerin","publisher":{"@id":"https:\/\/www.sieglindemetzler.eu\/#\/schema\/person\/25d93e22d3b49f2f9d118f6341201a65"},"alternateName":"K\u00fcnstler-Website der Sieglinde Metzler","potentialAction":[{"@type":"SearchAction","target":{"@type":"EntryPoint","urlTemplate":"https:\/\/www.sieglindemetzler.eu\/?s={search_term_string}"},"query-input":"required name=search_term_string"}],"inLanguage":"en-GB"},{"@type":["Person","Organization"],"@id":"https:\/\/www.sieglindemetzler.eu\/#\/schema\/person\/25d93e22d3b49f2f9d118f6341201a65","name":"Sieglinde Metzler","image":{"@type":"ImageObject","inLanguage":"en-GB","@id":"https:\/\/www.sieglindemetzler.eu\/#\/schema\/person\/image\/","url":"https:\/\/www.sieglindemetzler.eu\/wp-content\/uploads\/Sieglinde-Metzler-logo.png","contentUrl":"https:\/\/www.sieglindemetzler.eu\/wp-content\/uploads\/Sieglinde-Metzler-logo.png","width":1438,"height":254,"caption":"Sieglinde Metzler"},"logo":{"@id":"https:\/\/www.sieglindemetzler.eu\/#\/schema\/person\/image\/"},"sameAs":["https:\/\/www.sieglindemetzler.eu","https:\/\/www.facebook.com\/sieglinde.metzler","https:\/\/www.instagram.com\/sieglinde1958\/"]}]}},"_links":{"self":[{"href":"https:\/\/www.sieglindemetzler.eu\/en\/wp-json\/wp\/v2\/product\/5121"}],"collection":[{"href":"https:\/\/www.sieglindemetzler.eu\/en\/wp-json\/wp\/v2\/product"}],"about":[{"href":"https:\/\/www.sieglindemetzler.eu\/en\/wp-json\/wp\/v2\/types\/product"}],"wp:featuredmedia":[{"embeddable":true,"href":"https:\/\/www.sieglindemetzler.eu\/en\/wp-json\/wp\/v2\/media\/4964"}],"wp:attachment":[{"href":"https:\/\/www.sieglindemetzler.eu\/en\/wp-json\/wp\/v2\/media?parent=5121"}],"wp:term":[{"taxonomy":"product_cat","embeddable":true,"href":"https:\/\/www.sieglindemetzler.eu\/en\/wp-json\/wp\/v2\/product_cat?post=5121"},{"taxonomy":"product_tag","embeddable":true,"href":"https:\/\/www.sieglindemetzler.eu\/en\/wp-json\/wp\/v2\/product_tag?post=5121"}],"curies":[{"name":"wp","href":"https:\/\/api.w.org\/{rel}","templated":true}]}}