{"id":5726,"date":"2025-04-21T15:23:57","date_gmt":"2025-04-21T15:23:57","guid":{"rendered":"https:\/\/www.sieglindemetzler.eu\/?post_type=product&#038;p=5726"},"modified":"2025-04-21T15:23:57","modified_gmt":"2025-04-21T15:23:57","slug":"fruehling","status":"publish","type":"product","link":"https:\/\/www.sieglindemetzler.eu\/en\/kaufe-gem\u00e4lde\/fruehling\/","title":{"rendered":"Fr\u00fchling"},"content":{"rendered":"<p>Die wunderbare Zeit im Fr\u00fchling<\/p>","protected":false},"excerpt":{"rendered":"<p>Die wunderbare Zeit im Fr\u00fchling<\/p>","protected":false},"featured_media":5717,"template":"","meta":{"pgc_meta":"","_et_pb_use_builder":"","_et_pb_old_content":"","_et_gb_content_width":""},"product_cat":[20,114,113],"product_tag":[73,112,110],"yoast_head":"<!-- This site is optimized with the Yoast SEO plugin v21.4 - https:\/\/yoast.com\/wordpress\/plugins\/seo\/ -->\n<title>Fr\u00fchling - Sieglinde Metzler<\/title>\n<meta name=\"robots\" content=\"index, follow, max-snippet:-1, max-image-preview:large, max-video-preview:-1\" \/>\n<link rel=\"canonical\" href=\"https:\/\/www.sieglindemetzler.eu\/en\/kaufe-gem\u00e4lde\/fruehling\/\" \/>\n<meta property=\"og:locale\" content=\"en_GB\" \/>\n<meta property=\"og:type\" content=\"article\" \/>\n<meta property=\"og:title\" content=\"Fr\u00fchling - Sieglinde Metzler\" \/>\n<meta property=\"og:description\" content=\"Die wunderbare Zeit im Fr\u00fchling\" \/>\n<meta property=\"og:url\" content=\"https:\/\/www.sieglindemetzler.eu\/en\/kaufe-gem\u00e4lde\/fruehling\/\" \/>\n<meta property=\"og:site_name\" content=\"Sieglinde Metzler\" \/>\n<meta property=\"article:publisher\" content=\"https:\/\/www.facebook.com\/sieglinde.metzler\" \/>\n<meta property=\"og:image\" content=\"https:\/\/www.sieglindemetzler.eu\/wp-content\/uploads\/Fruehling-in-meinem-Kopf.jpg\" \/>\n\t<meta property=\"og:image:width\" content=\"2331\" \/>\n\t<meta property=\"og:image:height\" content=\"2293\" \/>\n\t<meta property=\"og:image:type\" content=\"image\/jpeg\" \/>\n<meta name=\"twitter:card\" content=\"summary_large_image\" \/>\n<meta name=\"twitter:label1\" content=\"Estimated reading time\" \/>\n\t<meta name=\"twitter:data1\" content=\"1 minute\" \/>\n<script type=\"application\/ld+json\" class=\"yoast-schema-graph\">{\"@context\":\"https:\/\/schema.org\",\"@graph\":[{\"@type\":\"WebPage\",\"@id\":\"https:\/\/www.sieglindemetzler.eu\/kaufe-gem\u00e4lde\/fruehling\/\",\"url\":\"https:\/\/www.sieglindemetzler.eu\/kaufe-gem\u00e4lde\/fruehling\/\",\"name\":\"Fr\u00fchling - Sieglinde Metzler\",\"isPartOf\":{\"@id\":\"https:\/\/www.sieglindemetzler.eu\/#website\"},\"datePublished\":\"2025-04-21T15:23:57+00:00\",\"dateModified\":\"2025-04-21T15:23:57+00:00\",\"breadcrumb\":{\"@id\":\"https:\/\/www.sieglindemetzler.eu\/kaufe-gem\u00e4lde\/fruehling\/#breadcrumb\"},\"inLanguage\":\"en-GB\",\"potentialAction\":[{\"@type\":\"ReadAction\",\"target\":[\"https:\/\/www.sieglindemetzler.eu\/kaufe-gem\u00e4lde\/fruehling\/\"]}]},{\"@type\":\"BreadcrumbList\",\"@id\":\"https:\/\/www.sieglindemetzler.eu\/kaufe-gem\u00e4lde\/fruehling\/#breadcrumb\",\"itemListElement\":[{\"@type\":\"ListItem\",\"position\":1,\"name\":\"Home\",\"item\":\"https:\/\/www.sieglindemetzler.eu\/\"},{\"@type\":\"ListItem\",\"position\":2,\"name\":\"Kunstwerke\",\"item\":\"https:\/\/www.sieglindemetzler.eu\/online-gemaldeverkauf\/\"},{\"@type\":\"ListItem\",\"position\":3,\"name\":\"Acryl\",\"item\":\"https:\/\/www.sieglindemetzler.eu\/Gem\u00e4lde-Online-Verkauf\/acryl\/\"},{\"@type\":\"ListItem\",\"position\":4,\"name\":\"Fr\u00fchling\"}]},{\"@type\":\"WebSite\",\"@id\":\"https:\/\/www.sieglindemetzler.eu\/#website\",\"url\":\"https:\/\/www.sieglindemetzler.eu\/\",\"name\":\"Sieglinde Metzler - zeitgen\u00f6ssische K\u00fcnstlerin\",\"description\":\"zeitgen\u00f6ssische K\u00fcnstlerin\",\"publisher\":{\"@id\":\"https:\/\/www.sieglindemetzler.eu\/#\/schema\/person\/25d93e22d3b49f2f9d118f6341201a65\"},\"alternateName\":\"K\u00fcnstler-Website der Sieglinde Metzler\",\"potentialAction\":[{\"@type\":\"SearchAction\",\"target\":{\"@type\":\"EntryPoint\",\"urlTemplate\":\"https:\/\/www.sieglindemetzler.eu\/?s={search_term_string}\"},\"query-input\":\"required name=search_term_string\"}],\"inLanguage\":\"en-GB\"},{\"@type\":[\"Person\",\"Organization\"],\"@id\":\"https:\/\/www.sieglindemetzler.eu\/#\/schema\/person\/25d93e22d3b49f2f9d118f6341201a65\",\"name\":\"Sieglinde Metzler\",\"image\":{\"@type\":\"ImageObject\",\"inLanguage\":\"en-GB\",\"@id\":\"https:\/\/www.sieglindemetzler.eu\/#\/schema\/person\/image\/\",\"url\":\"https:\/\/www.sieglindemetzler.eu\/wp-content\/uploads\/Sieglinde-Metzler-logo.png\",\"contentUrl\":\"https:\/\/www.sieglindemetzler.eu\/wp-content\/uploads\/Sieglinde-Metzler-logo.png\",\"width\":1438,\"height\":254,\"caption\":\"Sieglinde Metzler\"},\"logo\":{\"@id\":\"https:\/\/www.sieglindemetzler.eu\/#\/schema\/person\/image\/\"},\"sameAs\":[\"https:\/\/www.sieglindemetzler.eu\",\"https:\/\/www.facebook.com\/sieglinde.metzler\",\"https:\/\/www.instagram.com\/sieglinde1958\/\"]}]}<\/script>\n<!-- \/ Yoast SEO plugin. -->","yoast_head_json":{"title":"Fr\u00fchling - Sieglinde Metzler","robots":{"index":"index","follow":"follow","max-snippet":"max-snippet:-1","max-image-preview":"max-image-preview:large","max-video-preview":"max-video-preview:-1"},"canonical":"https:\/\/www.sieglindemetzler.eu\/en\/kaufe-gem\u00e4lde\/fruehling\/","og_locale":"en_GB","og_type":"article","og_title":"Fr\u00fchling - Sieglinde Metzler","og_description":"Die wunderbare Zeit im Fr\u00fchling","og_url":"https:\/\/www.sieglindemetzler.eu\/en\/kaufe-gem\u00e4lde\/fruehling\/","og_site_name":"Sieglinde Metzler","article_publisher":"https:\/\/www.facebook.com\/sieglinde.metzler","og_image":[{"width":2331,"height":2293,"url":"https:\/\/www.sieglindemetzler.eu\/wp-content\/uploads\/Fruehling-in-meinem-Kopf.jpg","type":"image\/jpeg"}],"twitter_card":"summary_large_image","twitter_misc":{"Estimated reading time":"1 minute"},"schema":{"@context":"https:\/\/schema.org","@graph":[{"@type":"WebPage","@id":"https:\/\/www.sieglindemetzler.eu\/kaufe-gem\u00e4lde\/fruehling\/","url":"https:\/\/www.sieglindemetzler.eu\/kaufe-gem\u00e4lde\/fruehling\/","name":"Fr\u00fchling - Sieglinde Metzler","isPartOf":{"@id":"https:\/\/www.sieglindemetzler.eu\/#website"},"datePublished":"2025-04-21T15:23:57+00:00","dateModified":"2025-04-21T15:23:57+00:00","breadcrumb":{"@id":"https:\/\/www.sieglindemetzler.eu\/kaufe-gem\u00e4lde\/fruehling\/#breadcrumb"},"inLanguage":"en-GB","potentialAction":[{"@type":"ReadAction","target":["https:\/\/www.sieglindemetzler.eu\/kaufe-gem\u00e4lde\/fruehling\/"]}]},{"@type":"BreadcrumbList","@id":"https:\/\/www.sieglindemetzler.eu\/kaufe-gem\u00e4lde\/fruehling\/#breadcrumb","itemListElement":[{"@type":"ListItem","position":1,"name":"Home","item":"https:\/\/www.sieglindemetzler.eu\/"},{"@type":"ListItem","position":2,"name":"Kunstwerke","item":"https:\/\/www.sieglindemetzler.eu\/online-gemaldeverkauf\/"},{"@type":"ListItem","position":3,"name":"Acryl","item":"https:\/\/www.sieglindemetzler.eu\/Gem\u00e4lde-Online-Verkauf\/acryl\/"},{"@type":"ListItem","position":4,"name":"Fr\u00fchling"}]},{"@type":"WebSite","@id":"https:\/\/www.sieglindemetzler.eu\/#website","url":"https:\/\/www.sieglindemetzler.eu\/","name":"Sieglinde Metzler - zeitgen\u00f6ssische K\u00fcnstlerin","description":"zeitgen\u00f6ssische K\u00fcnstlerin","publisher":{"@id":"https:\/\/www.sieglindemetzler.eu\/#\/schema\/person\/25d93e22d3b49f2f9d118f6341201a65"},"alternateName":"K\u00fcnstler-Website der Sieglinde Metzler","potentialAction":[{"@type":"SearchAction","target":{"@type":"EntryPoint","urlTemplate":"https:\/\/www.sieglindemetzler.eu\/?s={search_term_string}"},"query-input":"required name=search_term_string"}],"inLanguage":"en-GB"},{"@type":["Person","Organization"],"@id":"https:\/\/www.sieglindemetzler.eu\/#\/schema\/person\/25d93e22d3b49f2f9d118f6341201a65","name":"Sieglinde Metzler","image":{"@type":"ImageObject","inLanguage":"en-GB","@id":"https:\/\/www.sieglindemetzler.eu\/#\/schema\/person\/image\/","url":"https:\/\/www.sieglindemetzler.eu\/wp-content\/uploads\/Sieglinde-Metzler-logo.png","contentUrl":"https:\/\/www.sieglindemetzler.eu\/wp-content\/uploads\/Sieglinde-Metzler-logo.png","width":1438,"height":254,"caption":"Sieglinde Metzler"},"logo":{"@id":"https:\/\/www.sieglindemetzler.eu\/#\/schema\/person\/image\/"},"sameAs":["https:\/\/www.sieglindemetzler.eu","https:\/\/www.facebook.com\/sieglinde.metzler","https:\/\/www.instagram.com\/sieglinde1958\/"]}]}},"_links":{"self":[{"href":"https:\/\/www.sieglindemetzler.eu\/en\/wp-json\/wp\/v2\/product\/5726"}],"collection":[{"href":"https:\/\/www.sieglindemetzler.eu\/en\/wp-json\/wp\/v2\/product"}],"about":[{"href":"https:\/\/www.sieglindemetzler.eu\/en\/wp-json\/wp\/v2\/types\/product"}],"wp:featuredmedia":[{"embeddable":true,"href":"https:\/\/www.sieglindemetzler.eu\/en\/wp-json\/wp\/v2\/media\/5717"}],"wp:attachment":[{"href":"https:\/\/www.sieglindemetzler.eu\/en\/wp-json\/wp\/v2\/media?parent=5726"}],"wp:term":[{"taxonomy":"product_cat","embeddable":true,"href":"https:\/\/www.sieglindemetzler.eu\/en\/wp-json\/wp\/v2\/product_cat?post=5726"},{"taxonomy":"product_tag","embeddable":true,"href":"https:\/\/www.sieglindemetzler.eu\/en\/wp-json\/wp\/v2\/product_tag?post=5726"}],"curies":[{"name":"wp","href":"https:\/\/api.w.org\/{rel}","templated":true}]}}