{"id":5846,"date":"2025-08-12T13:14:26","date_gmt":"2025-08-12T13:14:26","guid":{"rendered":"https:\/\/www.sieglindemetzler.eu\/?post_type=product&#038;p=5846"},"modified":"2025-08-12T13:14:27","modified_gmt":"2025-08-12T13:14:27","slug":"der-tanzende-baum","status":"publish","type":"product","link":"https:\/\/www.sieglindemetzler.eu\/en\/kaufe-gem\u00e4lde\/der-tanzende-baum\/","title":{"rendered":"Der tanzende Baum"},"content":{"rendered":"<p>Wenn ich Morgens erwache, zwischen Traum und Realit\u00e4t&#8230;.<\/p>","protected":false},"excerpt":{"rendered":"<p>In der zeit des Erwachens verschwinden die Grenzen der Realit\u00e4t, f\u00fcr mich tanzen die B\u00e4ume mit Ihren Bl\u00e4ttern und Zweigen und der Wind pfeift dazu seine Melodie.<\/p>","protected":false},"featured_media":5837,"template":"","meta":{"pgc_meta":"","_et_pb_use_builder":"","_et_pb_old_content":"","_et_gb_content_width":""},"product_cat":[20,114,108,115,113],"product_tag":[111,112,105],"yoast_head":"<!-- This site is optimized with the Yoast SEO plugin v21.4 - https:\/\/yoast.com\/wordpress\/plugins\/seo\/ -->\n<title>Der tanzende Baum - Sieglinde Metzler<\/title>\n<meta name=\"robots\" content=\"index, follow, max-snippet:-1, max-image-preview:large, max-video-preview:-1\" \/>\n<link rel=\"canonical\" href=\"https:\/\/www.sieglindemetzler.eu\/en\/kaufe-gem\u00e4lde\/der-tanzende-baum\/\" \/>\n<meta property=\"og:locale\" content=\"en_GB\" \/>\n<meta property=\"og:type\" content=\"article\" \/>\n<meta property=\"og:title\" content=\"Der tanzende Baum - Sieglinde Metzler\" \/>\n<meta property=\"og:description\" content=\"In der zeit des Erwachens verschwinden die Grenzen der Realit\u00e4t, f\u00fcr mich tanzen die B\u00e4ume mit Ihren Bl\u00e4ttern und Zweigen und der Wind pfeift dazu seine Melodie.\" \/>\n<meta property=\"og:url\" content=\"https:\/\/www.sieglindemetzler.eu\/en\/kaufe-gem\u00e4lde\/der-tanzende-baum\/\" \/>\n<meta property=\"og:site_name\" content=\"Sieglinde Metzler\" \/>\n<meta property=\"article:publisher\" content=\"https:\/\/www.facebook.com\/sieglinde.metzler\" \/>\n<meta property=\"article:modified_time\" content=\"2025-08-12T13:14:27+00:00\" \/>\n<meta property=\"og:image\" content=\"https:\/\/www.sieglindemetzler.eu\/wp-content\/uploads\/20250812_124917.jpg\" \/>\n\t<meta property=\"og:image:width\" content=\"2282\" \/>\n\t<meta property=\"og:image:height\" content=\"2315\" \/>\n\t<meta property=\"og:image:type\" content=\"image\/jpeg\" \/>\n<meta name=\"twitter:card\" content=\"summary_large_image\" \/>\n<meta name=\"twitter:label1\" content=\"Estimated reading time\" \/>\n\t<meta name=\"twitter:data1\" content=\"1 minute\" \/>\n<script type=\"application\/ld+json\" class=\"yoast-schema-graph\">{\"@context\":\"https:\/\/schema.org\",\"@graph\":[{\"@type\":\"WebPage\",\"@id\":\"https:\/\/www.sieglindemetzler.eu\/kaufe-gem\u00e4lde\/der-tanzende-baum\/\",\"url\":\"https:\/\/www.sieglindemetzler.eu\/kaufe-gem\u00e4lde\/der-tanzende-baum\/\",\"name\":\"Der tanzende Baum - Sieglinde Metzler\",\"isPartOf\":{\"@id\":\"https:\/\/www.sieglindemetzler.eu\/#website\"},\"datePublished\":\"2025-08-12T13:14:26+00:00\",\"dateModified\":\"2025-08-12T13:14:27+00:00\",\"breadcrumb\":{\"@id\":\"https:\/\/www.sieglindemetzler.eu\/kaufe-gem\u00e4lde\/der-tanzende-baum\/#breadcrumb\"},\"inLanguage\":\"en-GB\",\"potentialAction\":[{\"@type\":\"ReadAction\",\"target\":[\"https:\/\/www.sieglindemetzler.eu\/kaufe-gem\u00e4lde\/der-tanzende-baum\/\"]}]},{\"@type\":\"BreadcrumbList\",\"@id\":\"https:\/\/www.sieglindemetzler.eu\/kaufe-gem\u00e4lde\/der-tanzende-baum\/#breadcrumb\",\"itemListElement\":[{\"@type\":\"ListItem\",\"position\":1,\"name\":\"Home\",\"item\":\"https:\/\/www.sieglindemetzler.eu\/\"},{\"@type\":\"ListItem\",\"position\":2,\"name\":\"Kunstwerke\",\"item\":\"https:\/\/www.sieglindemetzler.eu\/online-gemaldeverkauf\/\"},{\"@type\":\"ListItem\",\"position\":3,\"name\":\"Leinwand auf keilrahmen\",\"item\":\"https:\/\/www.sieglindemetzler.eu\/Gem\u00e4lde-Online-Verkauf\/leinwand-keilrahmen\/\"},{\"@type\":\"ListItem\",\"position\":4,\"name\":\"Der tanzende Baum\"}]},{\"@type\":\"WebSite\",\"@id\":\"https:\/\/www.sieglindemetzler.eu\/#website\",\"url\":\"https:\/\/www.sieglindemetzler.eu\/\",\"name\":\"Sieglinde Metzler - zeitgen\u00f6ssische K\u00fcnstlerin\",\"description\":\"zeitgen\u00f6ssische K\u00fcnstlerin\",\"publisher\":{\"@id\":\"https:\/\/www.sieglindemetzler.eu\/#\/schema\/person\/25d93e22d3b49f2f9d118f6341201a65\"},\"alternateName\":\"K\u00fcnstler-Website der Sieglinde Metzler\",\"potentialAction\":[{\"@type\":\"SearchAction\",\"target\":{\"@type\":\"EntryPoint\",\"urlTemplate\":\"https:\/\/www.sieglindemetzler.eu\/?s={search_term_string}\"},\"query-input\":\"required name=search_term_string\"}],\"inLanguage\":\"en-GB\"},{\"@type\":[\"Person\",\"Organization\"],\"@id\":\"https:\/\/www.sieglindemetzler.eu\/#\/schema\/person\/25d93e22d3b49f2f9d118f6341201a65\",\"name\":\"Sieglinde Metzler\",\"image\":{\"@type\":\"ImageObject\",\"inLanguage\":\"en-GB\",\"@id\":\"https:\/\/www.sieglindemetzler.eu\/#\/schema\/person\/image\/\",\"url\":\"https:\/\/www.sieglindemetzler.eu\/wp-content\/uploads\/Sieglinde-Metzler-logo.png\",\"contentUrl\":\"https:\/\/www.sieglindemetzler.eu\/wp-content\/uploads\/Sieglinde-Metzler-logo.png\",\"width\":1438,\"height\":254,\"caption\":\"Sieglinde Metzler\"},\"logo\":{\"@id\":\"https:\/\/www.sieglindemetzler.eu\/#\/schema\/person\/image\/\"},\"sameAs\":[\"https:\/\/www.sieglindemetzler.eu\",\"https:\/\/www.facebook.com\/sieglinde.metzler\",\"https:\/\/www.instagram.com\/sieglinde1958\/\"]}]}<\/script>\n<!-- \/ Yoast SEO plugin. -->","yoast_head_json":{"title":"Der tanzende Baum - Sieglinde Metzler","robots":{"index":"index","follow":"follow","max-snippet":"max-snippet:-1","max-image-preview":"max-image-preview:large","max-video-preview":"max-video-preview:-1"},"canonical":"https:\/\/www.sieglindemetzler.eu\/en\/kaufe-gem\u00e4lde\/der-tanzende-baum\/","og_locale":"en_GB","og_type":"article","og_title":"Der tanzende Baum - Sieglinde Metzler","og_description":"In der zeit des Erwachens verschwinden die Grenzen der Realit\u00e4t, f\u00fcr mich tanzen die B\u00e4ume mit Ihren Bl\u00e4ttern und Zweigen und der Wind pfeift dazu seine Melodie.","og_url":"https:\/\/www.sieglindemetzler.eu\/en\/kaufe-gem\u00e4lde\/der-tanzende-baum\/","og_site_name":"Sieglinde Metzler","article_publisher":"https:\/\/www.facebook.com\/sieglinde.metzler","article_modified_time":"2025-08-12T13:14:27+00:00","og_image":[{"width":2282,"height":2315,"url":"https:\/\/www.sieglindemetzler.eu\/wp-content\/uploads\/20250812_124917.jpg","type":"image\/jpeg"}],"twitter_card":"summary_large_image","twitter_misc":{"Estimated reading time":"1 minute"},"schema":{"@context":"https:\/\/schema.org","@graph":[{"@type":"WebPage","@id":"https:\/\/www.sieglindemetzler.eu\/kaufe-gem\u00e4lde\/der-tanzende-baum\/","url":"https:\/\/www.sieglindemetzler.eu\/kaufe-gem\u00e4lde\/der-tanzende-baum\/","name":"Der tanzende Baum - Sieglinde Metzler","isPartOf":{"@id":"https:\/\/www.sieglindemetzler.eu\/#website"},"datePublished":"2025-08-12T13:14:26+00:00","dateModified":"2025-08-12T13:14:27+00:00","breadcrumb":{"@id":"https:\/\/www.sieglindemetzler.eu\/kaufe-gem\u00e4lde\/der-tanzende-baum\/#breadcrumb"},"inLanguage":"en-GB","potentialAction":[{"@type":"ReadAction","target":["https:\/\/www.sieglindemetzler.eu\/kaufe-gem\u00e4lde\/der-tanzende-baum\/"]}]},{"@type":"BreadcrumbList","@id":"https:\/\/www.sieglindemetzler.eu\/kaufe-gem\u00e4lde\/der-tanzende-baum\/#breadcrumb","itemListElement":[{"@type":"ListItem","position":1,"name":"Home","item":"https:\/\/www.sieglindemetzler.eu\/"},{"@type":"ListItem","position":2,"name":"Kunstwerke","item":"https:\/\/www.sieglindemetzler.eu\/online-gemaldeverkauf\/"},{"@type":"ListItem","position":3,"name":"Leinwand auf keilrahmen","item":"https:\/\/www.sieglindemetzler.eu\/Gem\u00e4lde-Online-Verkauf\/leinwand-keilrahmen\/"},{"@type":"ListItem","position":4,"name":"Der tanzende Baum"}]},{"@type":"WebSite","@id":"https:\/\/www.sieglindemetzler.eu\/#website","url":"https:\/\/www.sieglindemetzler.eu\/","name":"Sieglinde Metzler - zeitgen\u00f6ssische K\u00fcnstlerin","description":"zeitgen\u00f6ssische K\u00fcnstlerin","publisher":{"@id":"https:\/\/www.sieglindemetzler.eu\/#\/schema\/person\/25d93e22d3b49f2f9d118f6341201a65"},"alternateName":"K\u00fcnstler-Website der Sieglinde Metzler","potentialAction":[{"@type":"SearchAction","target":{"@type":"EntryPoint","urlTemplate":"https:\/\/www.sieglindemetzler.eu\/?s={search_term_string}"},"query-input":"required name=search_term_string"}],"inLanguage":"en-GB"},{"@type":["Person","Organization"],"@id":"https:\/\/www.sieglindemetzler.eu\/#\/schema\/person\/25d93e22d3b49f2f9d118f6341201a65","name":"Sieglinde Metzler","image":{"@type":"ImageObject","inLanguage":"en-GB","@id":"https:\/\/www.sieglindemetzler.eu\/#\/schema\/person\/image\/","url":"https:\/\/www.sieglindemetzler.eu\/wp-content\/uploads\/Sieglinde-Metzler-logo.png","contentUrl":"https:\/\/www.sieglindemetzler.eu\/wp-content\/uploads\/Sieglinde-Metzler-logo.png","width":1438,"height":254,"caption":"Sieglinde Metzler"},"logo":{"@id":"https:\/\/www.sieglindemetzler.eu\/#\/schema\/person\/image\/"},"sameAs":["https:\/\/www.sieglindemetzler.eu","https:\/\/www.facebook.com\/sieglinde.metzler","https:\/\/www.instagram.com\/sieglinde1958\/"]}]}},"_links":{"self":[{"href":"https:\/\/www.sieglindemetzler.eu\/en\/wp-json\/wp\/v2\/product\/5846"}],"collection":[{"href":"https:\/\/www.sieglindemetzler.eu\/en\/wp-json\/wp\/v2\/product"}],"about":[{"href":"https:\/\/www.sieglindemetzler.eu\/en\/wp-json\/wp\/v2\/types\/product"}],"wp:featuredmedia":[{"embeddable":true,"href":"https:\/\/www.sieglindemetzler.eu\/en\/wp-json\/wp\/v2\/media\/5837"}],"wp:attachment":[{"href":"https:\/\/www.sieglindemetzler.eu\/en\/wp-json\/wp\/v2\/media?parent=5846"}],"wp:term":[{"taxonomy":"product_cat","embeddable":true,"href":"https:\/\/www.sieglindemetzler.eu\/en\/wp-json\/wp\/v2\/product_cat?post=5846"},{"taxonomy":"product_tag","embeddable":true,"href":"https:\/\/www.sieglindemetzler.eu\/en\/wp-json\/wp\/v2\/product_tag?post=5846"}],"curies":[{"name":"wp","href":"https:\/\/api.w.org\/{rel}","templated":true}]}}